{"id":707,"date":"2020-06-19T09:22:12","date_gmt":"2020-06-19T09:22:12","guid":{"rendered":"https:\/\/acurat.cat\/conocenos\/"},"modified":"2020-11-24T15:36:52","modified_gmt":"2020-11-24T15:36:52","slug":"conocenos","status":"publish","type":"page","link":"https:\/\/acurat.cat\/es\/conocenos\/","title":{"rendered":"Quienes somos"},"content":{"rendered":"<\/div><\/div><\/div><!-- close content main div --><\/div><\/div><div id='av_section_1'  class='avia-section main_color avia-section-default avia-no-border-styling  avia-full-stretch avia-bg-style-fixed   av-minimum-height av-minimum-height-75  container_wrap fullsize' style='background-repeat: no-repeat; background-image: url(https:\/\/acurat.cat\/wp-content\/uploads\/acurat-matthew-henry-HIDx1jXz8tA-unsplash.jpg);background-attachment: fixed; background-position: top center;  '  data-section-bg-repeat='stretch' data-av_minimum_height_pc='75'><div class='container' ><div class='template-page content  av-content-full alpha units'><div class='post-entry post-entry-type-page post-entry-707'><div class='entry-content-wrapper clearfix'>\n<div class=\"flex_column av_one_half  flex_column_div av-zero-column-padding first  \" style='border-radius:0px; '><\/div><div class=\"flex_column av_one_half  flex_column_div av-zero-column-padding   \" style='border-radius:0px; '><section class=\"av_textblock_section \"  itemscope=\"itemscope\" itemtype=\"https:\/\/schema.org\/CreativeWork\" ><div class='avia_textblock  av_inherit_color '  style='color:#ffffff; '  itemprop=\"text\" ><h1 class=\"headers-body\">Somos una empresa de servicios sociales.<br \/>\nQue siempre tiende una mano a quien m\u00e1s lo necesita.<\/h1>\n<\/div><\/section><br \/>\n<section class=\"av_textblock_section \"  itemscope=\"itemscope\" itemtype=\"https:\/\/schema.org\/CreativeWork\" ><div class='avia_textblock  av_inherit_color '  style='color:#ffffff; '  itemprop=\"text\" ><p>Comprometidos, transparentes y convencidos de que se puede hacer mucho m\u00e1s.<\/p>\n<\/div><\/section><\/p><\/div>\n\n<\/div><\/div><\/div><!-- close content main div --><\/div><\/div><div id='av_section_2'  class='avia-section main_color avia-section-default avia-no-border-styling  avia-full-stretch avia-bg-style-fixed   av-minimum-height av-minimum-height-50  container_wrap fullsize' style='background-color: var(--azul); background-repeat: no-repeat; background-image: url(https:\/\/acurat.cat\/wp-content\/uploads\/trama_acurat-002.png);background-attachment: fixed; background-position: center center;  '  data-section-bg-repeat='stretch' data-av_minimum_height_pc='50'><div class='container' ><div class='template-page content  av-content-full alpha units'><div class='post-entry post-entry-type-page post-entry-707'><div class='entry-content-wrapper clearfix'>\n<div class='flex_column_table av-equal-height-column-flextable -flextable' ><div class=\"flex_column av_three_fifth  av-animated-generic bottom-to-top  flex_column_table_cell av-equal-height-column av-align-top av-zero-column-padding first  \" style='border-radius:0px; '><p><div  style='height:16px' class='hr hr-invisible  '><span class='hr-inner ' ><span class='hr-inner-style'><\/span><\/span><\/div><br \/>\n<section class=\"av_textblock_section \"  itemscope=\"itemscope\" itemtype=\"https:\/\/schema.org\/CreativeWork\" ><div class='avia_textblock  av_inherit_color '  style='color:#ffffff; '  itemprop=\"text\" ><div class=\"caja-home\">\n<h3>Nuestra visi\u00f3n<\/h3>\n<p>Dignidad y respeto por las personas, como si fueran uno m\u00e1s de nuestra familia, comprometi\u00e9ndonos con ellos y con la sociedad con servicios y prestaciones innovadores y de<br \/>\nla m\u00e1xima calidad, persiguiendo la excelencia en todo lo que hagamos. Primamos la individualidad en el trato y la atenci\u00f3n, somos transparentes y cercanos.<br \/>\nProfesionales \u00edntegros y cualificados que inspiren confianza no solo a los usuarios, sino tambi\u00e9n a sus familias y a la sociedad en general..<\/p>\n<\/div>\n<\/div><\/section><br \/>\n<div  style='height:16px' class='hr hr-invisible  '><span class='hr-inner ' ><span class='hr-inner-style'><\/span><\/span><\/div><\/p><\/div><\/div><!--close column table wrapper. Autoclose: 1 -->\n\n<\/div><\/div><\/div><!-- close content main div --><\/div><div class='av-extra-border-element border-extra-diagonal border-extra-diagonal-inverse '><div class='av-extra-border-outer'><div class='av-extra-border-inner'  style='background-color:var(--verde);' ><\/div><\/div><\/div><\/div><div id='av_section_3'  class='avia-section main_color avia-section-default avia-no-border-styling  avia-full-stretch avia-bg-style-fixed   av-minimum-height av-minimum-height-50  container_wrap fullsize' style='background-color: var(--verde); background-repeat: no-repeat; background-image: url(https:\/\/acurat.cat\/wp-content\/uploads\/trama_acurat-002.png);background-attachment: fixed; background-position: center center;  '  data-section-bg-repeat='stretch' data-av_minimum_height_pc='50'><div class='container' ><div class='template-page content  av-content-full alpha units'><div class='post-entry post-entry-type-page post-entry-707'><div class='entry-content-wrapper clearfix'>\n<div class='flex_column_table av-equal-height-column-flextable -flextable' ><div class=\"flex_column av_two_fifth  av-animated-generic bottom-to-top  flex_column_table_cell av-equal-height-column av-align-top av-zero-column-padding first  \" style='border-radius:0px; '><\/div><\/div><!--close column table wrapper. Autoclose: 1 --><div class='flex_column_table av-equal-height-column-flextable -flextable' ><div class='av-flex-placeholder'><\/div><div class=\"flex_column av_three_fifth  av-animated-generic bottom-to-top  flex_column_table_cell av-equal-height-column av-align-top   \" style='padding:0px 5% 0px 10% ; border-radius:0px; '><section class=\"av_textblock_section \"  itemscope=\"itemscope\" itemtype=\"https:\/\/schema.org\/CreativeWork\" ><div class='avia_textblock  av_inherit_color '  style='color:#ffffff; '  itemprop=\"text\" ><div class=\"caja-home\">\n<h3>Nuestra misi\u00f3n<\/h3>\n<p>Trabajar para un futuro mejor para las personas, mejorando su bienestar y su entorno y acompa\u00f1\u00e1ndoles a lo largo de su vida.<\/p>\n<\/div>\n<\/div><\/section><br \/>\n<div  style='height:16px' class='hr hr-invisible  '><span class='hr-inner ' ><span class='hr-inner-style'><\/span><\/span><\/div><\/p><\/div><\/div><!--close column table wrapper. Autoclose: 1 -->\n\n<\/div><\/div><\/div><!-- close content main div --><\/div><\/div><div id='av-layout-grid-1'  class='av-layout-grid-container entry-content-wrapper main_color av-flex-cells     container_wrap fullsize' style=' '  >\n<div class=\"flex_cell no_margin av_one_half   avia-full-stretch \"  style='height:667px; min-height:667px;background:url(https:\/\/acurat.cat\/wp-content\/uploads\/acurat-john-moeses-bauan-GqHnRApyEqg-unsplash.jpg) center center no-repeat scroll; vertical-align:bottom; padding:30px; ' ><div class='flex_cell_inner' ><section class=\"av_textblock_section \"  itemscope=\"itemscope\" itemtype=\"https:\/\/schema.org\/CreativeWork\" ><div class='avia_textblock copyright-unsplash '   itemprop=\"text\" ><p><span style=\"vertical-align: inherit;\"><span style=\"vertical-align: inherit;\">Foto de <\/span><\/span><a href=\"https:\/\/unsplash.com\/@johnmoeses?utm_source=unsplash&amp;utm_medium=referral&amp;utm_content=creditCopyText\"><span style=\"vertical-align: inherit;\"><span style=\"vertical-align: inherit;\">John Moeses Bauan<\/span><\/span><\/a><span style=\"vertical-align: inherit;\"><span style=\"vertical-align: inherit;\"> en <\/span><\/span><a href=\"https:\/\/unsplash.com\/?utm_source=unsplash&amp;utm_medium=referral&amp;utm_content=creditCopyText\"><span style=\"vertical-align: inherit;\"><span style=\"vertical-align: inherit;\">Unsplash<\/span><\/span><\/a><\/p>\n<\/div><\/section>\n<\/div><\/div><div class=\"flex_cell no_margin av_one_half   avia-full-stretch \"  style='height:667px; min-height:667px;background:url(https:\/\/acurat.cat\/wp-content\/uploads\/trama_acurat-001.png) center right no-repeat fixed; vertical-align:middle; padding:30px 5% 30px 10% ; ' ><div class='flex_cell_inner' ><p><div  style='height:16px' class='hr hr-invisible  '><span class='hr-inner ' ><span class='hr-inner-style'><\/span><\/span><\/div><br \/>\n<section class=\"av_textblock_section \"  itemscope=\"itemscope\" itemtype=\"https:\/\/schema.org\/CreativeWork\" ><div class='avia_textblock  av_inherit_color '  style='color:var(--naranja); '  itemprop=\"text\" ><h3 class=\"headers-body\">Ofrecemos soluciones<\/h3>\n<\/div><\/section><br \/>\n<section class=\"av_textblock_section \"  itemscope=\"itemscope\" itemtype=\"https:\/\/schema.org\/CreativeWork\" ><div class='avia_textblock  '   itemprop=\"text\" ><p>que mejoran la calidad de vida de las personas; desde la confianza, la igualdad, el respeto por el medio ambiente y la sostenibilidad, la seguridad, la \u00e9tica y la transparencia.<\/p>\n<\/div><\/section><br \/>\n<div  style='height:16px' class='hr hr-invisible  '><span class='hr-inner ' ><span class='hr-inner-style'><\/span><\/span><\/div><\/p>\n<\/div><\/div>\n<\/div>\n<\/div><\/div><\/div><!-- close content main div --><\/div><\/div><div id='av-layout-grid-2'  class='av-layout-grid-container entry-content-wrapper main_color av-flex-cells   av-desktop-hide av-medium-hide   container_wrap fullsize' style=' '  >\n<div class=\"flex_cell no_margin av_one_half   avia-full-stretch \"  style='height:667px; min-height:667px;background:url(https:\/\/acurat.cat\/wp-content\/uploads\/acurat-joshua-hoehne-0F4duBPWlCw-unsplash.jpg) top center no-repeat scroll; vertical-align:middle; padding:30px; ' ><div class='flex_cell_inner' ><section class=\"av_textblock_section \"  itemscope=\"itemscope\" itemtype=\"https:\/\/schema.org\/CreativeWork\" ><div class='avia_textblock copyright-unsplash '   itemprop=\"text\" ><p><span style=\"vertical-align: inherit;\"><span style=\"vertical-align: inherit;\">Foto de <\/span><\/span><a href=\"https:\/\/unsplash.com\/@mrthetrain?utm_source=unsplash&amp;utm_medium=referral&amp;utm_content=creditCopyText\"><span style=\"vertical-align: inherit;\"><span style=\"vertical-align: inherit;\">Joshua Hoehne<\/span><\/span><\/a><span style=\"vertical-align: inherit;\"><span style=\"vertical-align: inherit;\"> en <\/span><\/span><a href=\"https:\/\/unsplash.com\/?utm_source=unsplash&amp;utm_medium=referral&amp;utm_content=creditCopyText\"><span style=\"vertical-align: inherit;\"><span style=\"vertical-align: inherit;\">Unsplash<\/span><\/span><\/a><\/p>\n<\/div><\/section>\n<\/div><\/div><div class=\"flex_cell no_margin av_one_half   avia-full-stretch \"  style='height:667px; min-height:667px;vertical-align:middle; padding:30px; ' ><div class='flex_cell_inner' ><p><div  style='height:16px' class='hr hr-invisible  '><span class='hr-inner ' ><span class='hr-inner-style'><\/span><\/span><\/div><br \/>\n<section class=\"av_textblock_section \"  itemscope=\"itemscope\" itemtype=\"https:\/\/schema.org\/CreativeWork\" ><div class='avia_textblock  av_inherit_color '  style='color:var(--naranja); '  itemprop=\"text\" ><h3 class=\"headers-body\">Contribuimos al bienestar<\/h3>\n<\/div><\/section><br \/>\n<section class=\"av_textblock_section \"  itemscope=\"itemscope\" itemtype=\"https:\/\/schema.org\/CreativeWork\" ><div class='avia_textblock  '   itemprop=\"text\" ><p>de la sociedad dando respuesta a las necesidades de las personas gracias a una gesti\u00f3n basada en la atenci\u00f3n personalizada y de acuerdo con criterios de calidad y pr\u00e1cticas innovadoras.<\/p>\n<\/div><\/section><br \/>\n<div  style='height:16px' class='hr hr-invisible  '><span class='hr-inner ' ><span class='hr-inner-style'><\/span><\/span><\/div><\/p>\n<\/div><\/div>\n<\/div>\n<\/div><\/div><\/div><!-- close content main div --><\/div><\/div><div id='av-layout-grid-3'  class='av-layout-grid-container entry-content-wrapper main_color av-flex-cells   av-small-hide av-mini-hide   container_wrap fullsize' style=' '  >\n<div class=\"flex_cell no_margin av_one_half   avia-full-stretch \"  style='height:667px; min-height:667px;vertical-align:middle; padding:30px; ' ><div class='flex_cell_inner' ><p><div  style='height:16px' class='hr hr-invisible  '><span class='hr-inner ' ><span class='hr-inner-style'><\/span><\/span><\/div><br \/>\n<section class=\"av_textblock_section \"  itemscope=\"itemscope\" itemtype=\"https:\/\/schema.org\/CreativeWork\" ><div class='avia_textblock  av_inherit_color '  style='color:var(--naranja); '  itemprop=\"text\" ><h3 class=\"headers-body\">Contribuimos al bienestar<\/h3>\n<\/div><\/section><br \/>\n<section class=\"av_textblock_section \"  itemscope=\"itemscope\" itemtype=\"https:\/\/schema.org\/CreativeWork\" ><div class='avia_textblock  '   itemprop=\"text\" ><p>de la sociedad dando respuesta a las necesidades de las personas gracias a una gesti\u00f3n basada en la atenci\u00f3n personalizada y de acuerdo con criterios de calidad y pr\u00e1cticas innovadoras.<\/p>\n<\/div><\/section><br \/>\n<div  style='height:16px' class='hr hr-invisible  '><span class='hr-inner ' ><span class='hr-inner-style'><\/span><\/span><\/div><\/p>\n<\/div><\/div><div class=\"flex_cell no_margin av_one_half   avia-full-stretch \"  style='height:667px; min-height:667px;background:url(https:\/\/acurat.cat\/wp-content\/uploads\/acurat-joshua-hoehne-0F4duBPWlCw-unsplash.jpg) bottom center no-repeat scroll; vertical-align:bottom; padding:30px; ' ><div class='flex_cell_inner' ><section class=\"av_textblock_section \"  itemscope=\"itemscope\" itemtype=\"https:\/\/schema.org\/CreativeWork\" ><div class='avia_textblock copyright-unsplash '   itemprop=\"text\" ><p><span style=\"vertical-align: inherit;\"><span style=\"vertical-align: inherit;\">Foto de <\/span><\/span><a href=\"https:\/\/unsplash.com\/@mrthetrain?utm_source=unsplash&amp;utm_medium=referral&amp;utm_content=creditCopyText\"><span style=\"vertical-align: inherit;\"><span style=\"vertical-align: inherit;\">Joshua Hoehne<\/span><\/span><\/a><span style=\"vertical-align: inherit;\"><span style=\"vertical-align: inherit;\"> en <\/span><\/span><a href=\"https:\/\/unsplash.com\/?utm_source=unsplash&amp;utm_medium=referral&amp;utm_content=creditCopyText\"><span style=\"vertical-align: inherit;\"><span style=\"vertical-align: inherit;\">Unsplash<\/span><\/span><\/a><\/p>\n<\/div><\/section>\n<\/div><\/div>\n<\/div>\n","protected":false},"excerpt":{"rendered":"","protected":false},"author":5,"featured_media":0,"parent":0,"menu_order":0,"comment_status":"closed","ping_status":"closed","template":"","meta":{"footnotes":""},"class_list":["post-707","page","type-page","status-publish","hentry"],"aioseo_notices":[],"_links":{"self":[{"href":"https:\/\/acurat.cat\/es\/wp-json\/wp\/v2\/pages\/707","targetHints":{"allow":["GET"]}}],"collection":[{"href":"https:\/\/acurat.cat\/es\/wp-json\/wp\/v2\/pages"}],"about":[{"href":"https:\/\/acurat.cat\/es\/wp-json\/wp\/v2\/types\/page"}],"author":[{"embeddable":true,"href":"https:\/\/acurat.cat\/es\/wp-json\/wp\/v2\/users\/5"}],"replies":[{"embeddable":true,"href":"https:\/\/acurat.cat\/es\/wp-json\/wp\/v2\/comments?post=707"}],"version-history":[{"count":5,"href":"https:\/\/acurat.cat\/es\/wp-json\/wp\/v2\/pages\/707\/revisions"}],"predecessor-version":[{"id":987,"href":"https:\/\/acurat.cat\/es\/wp-json\/wp\/v2\/pages\/707\/revisions\/987"}],"wp:attachment":[{"href":"https:\/\/acurat.cat\/es\/wp-json\/wp\/v2\/media?parent=707"}],"curies":[{"name":"wp","href":"https:\/\/api.w.org\/{rel}","templated":true}]}}