{"id":703,"date":"2020-04-21T17:36:52","date_gmt":"2020-04-21T17:36:52","guid":{"rendered":"https:\/\/acurat.cat\/politica-de-cookies\/"},"modified":"2020-10-20T09:53:37","modified_gmt":"2020-10-20T09:53:37","slug":"politica-de-cookies","status":"publish","type":"page","link":"https:\/\/acurat.cat\/es\/politica-de-cookies\/","title":{"rendered":"Pol\u00edtica de cookies"},"content":{"rendered":"<\/div><\/div><\/div><!-- close content main div --><\/div><\/div><div class='clear'><\/div><div id='sub_menu1'  class='av-submenu-container main_color  av-sticky-submenu  container_wrap fullsize' style='  z-index:301' ><div class='container av-menu-mobile-disabled '><ul id='av-custom-submenu-1' class='av-subnav-menu av-submenu-pos-right'>\n<li class='menu-item menu-item-top-level  menu-item-top-level-1'><a href='#cat' ><span class='avia-bullet'><\/span><span class='avia-menu-text'>CAT<\/span><\/a><\/li>\n<li class='menu-item menu-item-top-level  menu-item-top-level-2'><a href='#cast' ><span class='avia-bullet'><\/span><span class='avia-menu-text'>CAST<\/span><\/a><\/li>\n<\/ul><\/div><\/div><div class='sticky_placeholder'><\/div>\n<\/div><\/div><\/div><!-- close content main div --><\/div><\/div><div id='cat'  class='avia-section main_color avia-section-default avia-no-border-styling  avia-bg-style-scroll   container_wrap fullsize' style=' '  ><div class='container' ><div class='template-page content  av-content-full alpha units'><div class='post-entry post-entry-type-page post-entry-703'><div class='entry-content-wrapper clearfix'>\n<div  style='padding-bottom:10px; ' class='av-special-heading av-special-heading-h1  blockquote modern-quote  '><h1 class='av-special-heading-tag '  itemprop=\"headline\"  >Pol\u00edtica de cookies<\/h1><div class='special-heading-border'><div class='special-heading-inner-border' ><\/div><\/div><\/div>\n<section class=\"av_textblock_section \"  itemscope=\"itemscope\" itemtype=\"https:\/\/schema.org\/CreativeWork\" ><div class='avia_textblock  '   itemprop=\"text\" ><p><strong>Definici\u00f3 de cookies<\/strong><\/p>\n<p>Les cookies s\u00f3n petits arxius o fitxers de dades que es generen en l\u2019ordinador de l\u2019usuari i que recullen informaci\u00f3 relativa a les prefer\u00e8ncies de l\u2019usuari, durant la seva visita a un determinat lloc web, amb la finalitat de recon\u00e8ixer-lo com usuari recurrent, i personalitzar la seva experi\u00e8ncia i l\u2019\u00fas per la seva part del lloc. S\u2019utilitzen de forma generalitzada per facilitar la navegaci\u00f3 (aconseguir un funcionament m\u00e9s eficient del lloc web) i proporcionar serveis d\u2019una manera personalitzada.<\/p>\n<p>Acurat.cat utilitza cookies amb la finalitat de millorar l\u2019\u00fas i la finalitat del lloc web i per determinar l\u2019\u00fas que fan els usuaris del lloc web, aix\u00ed com de les eines i serveis que en ell s\u2019ofereixen. D\u2019aquesta manera es podr\u00e0 millorar la seva experi\u00e8ncia en el nostre lloc web. Les cookies no poden causar danys en el seu equip i, per contra, el fet que estiguin activades ens permeten identificar i resoldre possibles errors.<\/p>\n<p><strong>Revocaci\u00f3 i eliminaci\u00f3 de galetes<\/strong><\/p>\n<p>L\u2019informem que vost\u00e8 t\u00e9 la possibilitat de configurar el seu navegador per acceptar o rebutjar totes les cookies o per rebre un av\u00eds en pantalla de la recepci\u00f3 de cada cookie i decidir en aquest moment la seva implantaci\u00f3 o no en el disc dur. En cas de canviar la configuraci\u00f3 o eliminar galetes del lloc web pot comportar la impossibilitat de registrar en el mateix, usar altres funcions que requereixin el registre de dades o accedir a algunes seccions. Aix\u00ed mateix la deshabilitaci\u00f3 de determinades cookies pot afectar el correcte funcionament de determinades seccions del lloc web.<\/p>\n<p>Pot permetre, con\u00e8ixer, bloquejar o eliminar les cookies instal\u00b7lades en el seu equip mitjan\u00e7ant la configuraci\u00f3 de les opcions del navegador en el vostre ordinador:<\/p>\n<ul>\n<li>M\u00e9s informaci\u00f3 sobre com bloquejar l\u2019\u00fas de les cookies a Google Chrome. En l\u2019opci\u00f3 de men\u00fa Eines, seleccionant Opcions (prefer\u00e8ncies en Mac) accedint Avan\u00e7ades i en l\u2019opci\u00f3 Configuraci\u00f3, Contingut de la secci\u00f3 Privadesa i finalment marcant Galetes al di\u00e0leg Configuraci\u00f3 de contingut.<\/li>\n<li>M\u00e9s informaci\u00f3 sobre com bloquejar l\u2019\u00fas de les cookies al Firefox. Per a Mac en l\u2019opci\u00f3 de men\u00fa Arranjament, seleccionant Privadesa, accedint a l\u2019apartat Mostra Galetes, i per a Windows en l\u2019opci\u00f3 de men\u00fa Eines, seleccionant Opcions, accedint a Privadesa i despr\u00e9s a Utilitza una configuraci\u00f3 personalitzada per l\u2019historial.<\/li>\n<li>M\u00e9s informaci\u00f3 sobre com bloquejar l\u2019\u00fas de les galetes a Internet Explorer. En l\u2019opci\u00f3 de men\u00fa Eines, seleccionant Opcions d\u2019Internet i accedint a Privadesa.<\/li>\n<li>M\u00e9s informaci\u00f3 sobre com bloquejar l\u2019\u00fas de les cookies en Safari. En l\u2019opci\u00f3 de men\u00fa Arranjament, seleccionant Privadesa.<\/li>\n<\/ul>\n<p>Per a m\u00e9s informaci\u00f3 sobre aquest apartat, pot consultar els seg\u00fcents enlla\u00e7os segons el navegador que utilitzi:<\/p>\n<ul>\n<li>Google Chrome:<a href=\"https:\/\/support.google.com\/chrome\/answer\/95647?co=GENIE.Platform%3DDesktop&amp;hl=es\" target=\"_blank\" rel=\"noopener noreferrer\"> https:\/\/support.google.com\/chrome\/answer\/95647?co=GENIE.Platform%3DDesktop&amp;hl=es<\/a><a href=\"https:\/\/support.google.com\/chrome\/answer\/95647?co=GENIE.Platform%3DDesktop&amp;hl=es\" target=\"_blank\" rel=\"noopener noreferrer\"> https:\/\/support.google.com\/chrome\/answer\/95647?co=GENIE.Platform%3DDesktop&amp;hl=es<\/a><\/li>\n<li>Mozilla FireFox: <a href=\"https:\/\/support.mozilla.org\/es\/kb\/Borrar%20cookies\" target=\"_blank\" rel=\"noopener noreferrer\">https:\/\/support.mozilla.org\/es\/kb\/Borrar%20cookies<\/a><a href=\"https:\/\/support.mozilla.org\/es\/kb\/Borrar%20cookies\" target=\"_blank\" rel=\"noopener noreferrer\">https:\/\/support.mozilla.org\/es\/kb\/Borrar%20cookies<\/a><\/li>\n<li>Internet Explorer: <a href=\"https:\/\/support.microsoft.com\/es-es\/help\/17442\/windows-internet-explorer-delete-manage-cookies#ie=ie-11\" target=\"_blank\" rel=\"noopener noreferrer\">https:\/\/support.microsoft.com\/es-es\/help\/17442\/windows-internet-explorer-delete-manage-cookies#ie=ie-11<\/a><a href=\"https:\/\/support.microsoft.com\/es-es\/help\/17442\/windows-internet-explorer-delete-manage-cookies#ie=ie-11\" target=\"_blank\" rel=\"noopener noreferrer\">https:\/\/support.microsoft.com\/es-es\/help\/17442\/windows-internet-explorer-delete-manage-cookies#ie=ie-11<\/a><\/li>\n<\/ul>\n<p><strong>Tipus de cookies utilitzada al web<\/strong><\/p>\n<p>Al lloc web de ACURAT.CAT s\u2019utilitzen els seg\u00fcents tipus de galetes:<\/p>\n<p>Galetes funcionals: S\u2019utilitzen per millorar la funcionalitat del lloc web. Es tracta de galetes que recorden el contingut que l\u2019usuari ha visualitzat anteriorment al seu lloc web. L\u2019\u00fas de les cookies funcionals ens permet oferir un contingut adaptat als seus interessos i li permet estalviar temps en no haver de tornar a registrar-se o tornar a introduir les seves dades quan visiti el lloc web o intenti accedir a determinades seccions.<\/p>\n<p>Galetes pr\u00f2pies: S\u00f3n galetes creades per aquest lloc web i que nom\u00e9s pot llegir el mateix lloc.<\/p>\n<p>Galetes de tercers: S\u00f3n creades per tercers i es poden utilitzar per a determinats serveis com an\u00e0lisi del lloc web o publicitat.<\/p>\n<p><strong>Llistat de galetes utilitzades al lloc web <\/strong><\/p>\n<p>El nostre lloc web utilitza les galetes seg\u00fcents:<\/p>\n<p>GOOGLE ANALYTICS : __utma, __utmb, __utmc, __utmv, __utmz. Informen sobre l\u2019activitat i \u00fas de la web per part dels seus visitants.<\/p>\n<\/div><\/section>\n\n<\/div><\/div><\/div><!-- close content main div --><\/div><\/div><div id='cast'  class='avia-section main_color avia-section-default avia-no-border-styling  avia-bg-style-scroll   container_wrap fullsize' style=' '  ><div class='container' ><div class='template-page content  av-content-full alpha units'><div class='post-entry post-entry-type-page post-entry-703'><div class='entry-content-wrapper clearfix'>\n<div  style='padding-bottom:10px; ' class='av-special-heading av-special-heading-h1  blockquote modern-quote  '><h1 class='av-special-heading-tag '  itemprop=\"headline\"  >Pol\u00edtica de cookies<\/h1><div class='special-heading-border'><div class='special-heading-inner-border' ><\/div><\/div><\/div>\n<section class=\"av_textblock_section \"  itemscope=\"itemscope\" itemtype=\"https:\/\/schema.org\/CreativeWork\" ><div class='avia_textblock  '   itemprop=\"text\" ><p><strong>Definici\u00f3n de cookies<\/strong><\/p>\n<p>Las cookies son peque\u00f1os archivos o ficheros de datos que se generan en el ordenador del usuario y que recogen informaci\u00f3n relativa a las preferencias del usuario, durante su visita a un determinado sitio web, con la finalidad de reconocerlo como usuario recurrente, y personalizar su experiencia y el uso por su parte del sitio. Se utilizan de forma generalizada para facilitar la navegaci\u00f3n (lograr un funcionamiento m\u00e1s eficiente del sitio web) y proporcionar servicios de una manera personalizada.<\/p>\n<p>ACURAT utiliza cookies con la finalidad de mejorar el uso y la finalidad del sitio web y para determinar el uso que hacen los usuarios del sitio web, as\u00ed como de las herramientas y servicios que en \u00e9l se ofrecen. De esta forma se podr\u00e1 mejorar su experiencia en nuestro sitio web. Las cookies no pueden causar da\u00f1os en su equipo y, por el contrario, el hecho que est\u00e9n activadas nos permiten identificar y resolver posibles errores.<\/p>\n<p><strong>Revocaci\u00f3n y eliminaci\u00f3n de cookies<\/strong><\/p>\n<p>Le informamos que usted tiene la posibilidad de configurar su navegador para aceptar o rechazar todas las cookies o para recibir un aviso en pantalla de la recepci\u00f3n de cada cookie y decidir en ese momento su implantaci\u00f3n o no en el disco duro. En caso de cambiar la configuraci\u00f3n o eliminar cookies del sitio web puede comportar la imposibilidad de registrarse en el mismo, usar otras funciones que requieran el registro de datos o acceder a algunas secciones. Asimismo la deshabilitaci\u00f3n de determinadas cookies puede afectar al correcto funcionamiento de determinadas secciones del sitio web.<\/p>\n<p>Puede permitir, conocer, bloquear o eliminar las cookies instaladas en su equipo mediante la configuraci\u00f3n de las opciones del navegador instalado en su ordenador:<\/p>\n<ul>\n<li>M\u00e1s informaci\u00f3n sobre como bloquear el uso de las cookies en Google Chrome. En la opci\u00f3n de men\u00fa Herramientas, seleccionando Opciones (preferencias en Mac) accediendo a Avanzadas y en la opci\u00f3n Configuraci\u00f3n, Contenido de la secci\u00f3n Privacidad y finalmente marcando Cookies en el di\u00e1logo Configuraci\u00f3n de contenido.<\/li>\n<li>M\u00e1s informaci\u00f3n sobre como bloquear el uso de las cookies en Firefox. Para Mac en la opci\u00f3n de men\u00fa Preferencias, seleccionando Privacidad, accediendo al apartado Mostrar Cookies, y para Windows en la opci\u00f3n de men\u00fa Herramientas, seleccionando Opciones, accediendo a Privacidad y luego a Usar una configuraci\u00f3n personalizada para el historial.<\/li>\n<li>M\u00e1s informaci\u00f3n sobre como bloquear el uso de las cookies en Internet Explorer. En la opci\u00f3n de men\u00fa Herramientas, seleccionando Opciones de Internet y accediendo a Privacidad.<\/li>\n<li>M\u00e1s informaci\u00f3n sobre como bloquear el uso de las cookies en Safari. En la opci\u00f3n de men\u00fa Preferencias, seleccionando Privacidad..<\/li>\n<\/ul>\n<p>Para m\u00e1s informaci\u00f3n acerca de este apartado, puede consultar los siguientes enlaces seg\u00fan el navegador que utilice:<\/p>\n<ul>\n<li>Google Chrome:<a href=\"https:\/\/support.google.com\/chrome\/answer\/95647?co=GENIE.Platform%3DDesktop&amp;hl=es\" target=\"_blank\" rel=\"noopener noreferrer\"> https:\/\/support.google.com\/chrome\/answer\/95647?co=GENIE.Platform%3DDesktop&amp;hl=es<\/a><a href=\"https:\/\/support.google.com\/chrome\/answer\/95647?co=GENIE.Platform%3DDesktop&amp;hl=es\" target=\"_blank\" rel=\"noopener noreferrer\"> https:\/\/support.google.com\/chrome\/answer\/95647?co=GENIE.Platform%3DDesktop&amp;hl=es<\/a><\/li>\n<li>Mozilla FireFox: <a href=\"https:\/\/support.mozilla.org\/es\/kb\/Borrar%20cookies\" target=\"_blank\" rel=\"noopener noreferrer\">https:\/\/support.mozilla.org\/es\/kb\/Borrar%20cookies<\/a><a href=\"https:\/\/support.mozilla.org\/es\/kb\/Borrar%20cookies\" target=\"_blank\" rel=\"noopener noreferrer\">https:\/\/support.mozilla.org\/es\/kb\/Borrar%20cookies<\/a><\/li>\n<li>Internet Explorer: <a href=\"https:\/\/support.microsoft.com\/es-es\/help\/17442\/windows-internet-explorer-delete-manage-cookies#ie=ie-11\" target=\"_blank\" rel=\"noopener noreferrer\">https:\/\/support.microsoft.com\/es-es\/help\/17442\/windows-internet-explorer-delete-manage-cookies#ie=ie-11<\/a><a href=\"https:\/\/support.microsoft.com\/es-es\/help\/17442\/windows-internet-explorer-delete-manage-cookies#ie=ie-11\" target=\"_blank\" rel=\"noopener noreferrer\">https:\/\/support.microsoft.com\/es-es\/help\/17442\/windows-internet-explorer-delete-manage-cookies#ie=ie-11<\/a><\/li>\n<\/ul>\n<p><strong>Tipo de cookies utilizada en la web<\/strong><\/p>\n<p>En el sitio web de ACURAT.CAT se utilizan los siguientes tipos de cookies:<\/p>\n<ul>\n<li>Cookies funcionales: Se utilizan para mejorar la funcionalidad del sitio web. Se trata de cookies que recuerdan el contenido que el usuario ha visualizado anteriormente en su sitio web. El uso de las cookies funcionales nos permite ofrecer un contenido adaptado a sus intereses y le permite ahorrar tiempo al no tener que volver a registrarse o volver a introducir sus datos cuando visite el sitio web o intente acceder a determinadas secciones.<\/li>\n<li>Cookies propias: Son cookies creadas por este sitio web y que solo puede leer el propio sitio.<\/li>\n<li>Cookies de terceros: Son creadas por terceros y se pueden utilizar para determinados servicios como an\u00e1lisis del sitio web o publicidad.<\/li>\n<\/ul>\n<p><strong>Listado de Cookies utilizadas en el sitio web<\/strong><\/p>\n<p>Nuestro sitio web utiliza las siguientes cookies:<\/p>\n<p>GOOGLE ANALYTICS : __utma, __utmb, __utmc, __utmv, __utmz. Informen sobre l\u2019activitat i \u00fas de la web per part dels seus visitants.<\/p>\n<\/div><\/section>\n\n","protected":false},"excerpt":{"rendered":"","protected":false},"author":5,"featured_media":0,"parent":0,"menu_order":0,"comment_status":"closed","ping_status":"open","template":"","meta":{"footnotes":""},"class_list":["post-703","page","type-page","status-publish","hentry"],"aioseo_notices":[],"_links":{"self":[{"href":"https:\/\/acurat.cat\/es\/wp-json\/wp\/v2\/pages\/703","targetHints":{"allow":["GET"]}}],"collection":[{"href":"https:\/\/acurat.cat\/es\/wp-json\/wp\/v2\/pages"}],"about":[{"href":"https:\/\/acurat.cat\/es\/wp-json\/wp\/v2\/types\/page"}],"author":[{"embeddable":true,"href":"https:\/\/acurat.cat\/es\/wp-json\/wp\/v2\/users\/5"}],"replies":[{"embeddable":true,"href":"https:\/\/acurat.cat\/es\/wp-json\/wp\/v2\/comments?post=703"}],"version-history":[{"count":3,"href":"https:\/\/acurat.cat\/es\/wp-json\/wp\/v2\/pages\/703\/revisions"}],"predecessor-version":[{"id":942,"href":"https:\/\/acurat.cat\/es\/wp-json\/wp\/v2\/pages\/703\/revisions\/942"}],"wp:attachment":[{"href":"https:\/\/acurat.cat\/es\/wp-json\/wp\/v2\/media?parent=703"}],"curies":[{"name":"wp","href":"https:\/\/api.w.org\/{rel}","templated":true}]}}